{"id":17835,"date":"2025-12-18T14:26:25","date_gmt":"2025-12-18T13:26:25","guid":{"rendered":"https:\/\/plasteol.fr\/?page_id=17835"},"modified":"2026-01-20T14:49:57","modified_gmt":"2026-01-20T13:49:57","slug":"inspections-and-controls","status":"publish","type":"page","link":"https:\/\/plasteol.fr\/en\/services\/inspections-and-controls\/","title":{"rendered":"Inspections and controls"},"content":{"rendered":"\t\t<div data-elementor-type=\"wp-page\" data-elementor-id=\"17835\" class=\"elementor elementor-17835 elementor-17365\" data-elementor-post-type=\"page\">\n\t\t\t\t<div class=\"elementor-element elementor-element-c84e03c e-flex e-con-boxed e-con e-parent\" data-id=\"c84e03c\" data-element_type=\"container\">\n\t\t\t\t\t<div class=\"e-con-inner\">\n\t\t<div class=\"elementor-element elementor-element-41e004a e-con-full long-parallelogram e-flex e-con e-child\" data-id=\"41e004a\" data-element_type=\"container\">\n\t\t\t\t<div class=\"elementor-element elementor-element-26cf7b0 elementor-widget elementor-widget-heading\" data-id=\"26cf7b0\" data-element_type=\"widget\" data-widget_type=\"heading.default\">\n\t\t\t\t\t<h2 class=\"elementor-heading-title elementor-size-default\">Inspections and controls <br>by rope access technicians<\/h2>\t\t\t\t<\/div>\n\t\t\t\t<\/div>\n\t\t\t\t\t<\/div>\n\t\t\t\t<\/div>\n\t\t<div class=\"elementor-element elementor-element-9e309e4 e-flex e-con-boxed e-con e-parent\" data-id=\"9e309e4\" data-element_type=\"container\">\n\t\t\t\t\t<div class=\"e-con-inner\">\n\t\t<div class=\"elementor-element elementor-element-8636990 e-con-full e-flex e-con e-child\" data-id=\"8636990\" data-element_type=\"container\">\n\t\t\t\t<div class=\"elementor-element elementor-element-6c1b3ee elementor-widget elementor-widget-text-editor\" data-id=\"6c1b3ee\" data-element_type=\"widget\" data-widget_type=\"text-editor.default\">\n\t\t\t\t\t\t\t\t\t<p>Our team of rope access technicians specialized in the wind industry carries out blade inspections at height, on site, without prolonged turbine downtime.<\/p><p>Our at-height interventions ensure the reliability of the information collected. They are particularly suitable for end-of-warranty assessments or Due Diligence, as well as for periodic inspections of turbines presenting defects that need monitoring.<\/p>\t\t\t\t\t\t\t\t<\/div>\n\t\t\t\t<div class=\"elementor-element elementor-element-eaaee9d elementor-widget elementor-widget-text-editor\" data-id=\"eaaee9d\" data-element_type=\"widget\" data-widget_type=\"text-editor.default\">\n\t\t\t\t\t\t\t\t\t<p>Services offered:<\/p>\t\t\t\t\t\t\t\t<\/div>\n\t\t\t\t<div class=\"elementor-element elementor-element-11345d8 elementor-icon-list--layout-traditional elementor-list-item-link-full_width elementor-widget elementor-widget-icon-list\" data-id=\"11345d8\" data-element_type=\"widget\" data-widget_type=\"icon-list.default\">\n\t\t\t\t\t\t\t<ul class=\"elementor-icon-list-items\">\n\t\t\t\t\t\t\t<li class=\"elementor-icon-list-item\">\n\t\t\t\t\t\t\t\t\t\t\t<span class=\"elementor-icon-list-icon\">\n\t\t\t\t\t\t\t<svg xmlns=\"http:\/\/www.w3.org\/2000\/svg\" width=\"8\" height=\"20\" viewBox=\"0 0 8 20\" fill=\"none\"><rect width=\"8\" height=\"20\" fill=\"#777586\"><\/rect><\/svg>\t\t\t\t\t\t<\/span>\n\t\t\t\t\t\t\t\t\t\t<span class=\"elementor-icon-list-text\">Visual inspection and tapping to assess defect depth<\/span>\n\t\t\t\t\t\t\t\t\t<\/li>\n\t\t\t\t\t\t\t\t<li class=\"elementor-icon-list-item\">\n\t\t\t\t\t\t\t\t\t\t\t<span class=\"elementor-icon-list-icon\">\n\t\t\t\t\t\t\t<svg xmlns=\"http:\/\/www.w3.org\/2000\/svg\" width=\"8\" height=\"20\" viewBox=\"0 0 8 20\" fill=\"none\"><rect width=\"8\" height=\"20\" fill=\"#777586\"><\/rect><\/svg>\t\t\t\t\t\t<\/span>\n\t\t\t\t\t\t\t\t\t\t<span class=\"elementor-icon-list-text\">Grading of defects according to their criticality<\/span>\n\t\t\t\t\t\t\t\t\t<\/li>\n\t\t\t\t\t\t\t\t<li class=\"elementor-icon-list-item\">\n\t\t\t\t\t\t\t\t\t\t\t<span class=\"elementor-icon-list-icon\">\n\t\t\t\t\t\t\t<svg xmlns=\"http:\/\/www.w3.org\/2000\/svg\" width=\"8\" height=\"20\" viewBox=\"0 0 8 20\" fill=\"none\"><rect width=\"8\" height=\"20\" fill=\"#777586\"><\/rect><\/svg>\t\t\t\t\t\t<\/span>\n\t\t\t\t\t\t\t\t\t\t<span class=\"elementor-icon-list-text\">Rapport d\u00e9taill\u00e9 avec photos comment\u00e9es.<\/span>\n\t\t\t\t\t\t\t\t\t<\/li>\n\t\t\t\t\t\t<\/ul>\n\t\t\t\t\t\t<\/div>\n\t\t\t\t<div class=\"elementor-element elementor-element-dd29482 elementor-widget elementor-widget-heading\" data-id=\"dd29482\" data-element_type=\"widget\" data-widget_type=\"heading.default\">\n\t\t\t\t\t<h3 class=\"elementor-heading-title elementor-size-default\">Lightning Protection System (LPS) control:<\/h3>\t\t\t\t<\/div>\n\t\t\t\t<div class=\"elementor-element elementor-element-8a1d094 elementor-widget elementor-widget-text-editor\" data-id=\"8a1d094\" data-element_type=\"widget\" data-widget_type=\"text-editor.default\">\n\t\t\t\t\t\t\t\t\t<p>We perform continuity testing of the lightning protection circuit.<\/p><p>This control ensures the proper functioning of the system and helps prevent major critical damage in case of a lightning strike.<\/p>\t\t\t\t\t\t\t\t<\/div>\n\t\t\t\t<\/div>\n\t\t<div class=\"elementor-element elementor-element-c8ee1a4 e-con-full e-flex e-con e-child\" data-id=\"c8ee1a4\" data-element_type=\"container\" data-settings=\"{&quot;background_background&quot;:&quot;classic&quot;}\">\n\t\t\t\t<\/div>\n\t\t\t\t\t<\/div>\n\t\t\t\t<\/div>\n\t\t<div class=\"elementor-element elementor-element-c230507 e-con-full e-flex e-con e-parent\" data-id=\"c230507\" data-element_type=\"container\" data-settings=\"{&quot;background_background&quot;:&quot;classic&quot;}\">\n\t\t<div class=\"elementor-element elementor-element-1719b62 e-con-full e-flex e-con e-child\" data-id=\"1719b62\" data-element_type=\"container\" data-settings=\"{&quot;background_background&quot;:&quot;classic&quot;}\">\n\t\t<div class=\"elementor-element elementor-element-b66344c e-con-full e-flex e-con e-child\" data-id=\"b66344c\" data-element_type=\"container\">\n\t\t\t\t<div class=\"elementor-element elementor-element-a4a1e40 elementor-widget elementor-widget-heading\" data-id=\"a4a1e40\" data-element_type=\"widget\" data-widget_type=\"heading.default\">\n\t\t\t\t\t<h2 class=\"elementor-heading-title elementor-size-default\">DO YOU HAVE A PROJECT FOR US?<\/h2>\t\t\t\t<\/div>\n\t\t\t\t<div class=\"elementor-element elementor-element-0224fa2 elementor-widget elementor-widget-text-editor\" data-id=\"0224fa2\" data-element_type=\"widget\" data-widget_type=\"text-editor.default\">\n\t\t\t\t\t\t\t\t\t<p>Do you have a project in mind? A question or would you like to discuss something with our team?<\/p>\t\t\t\t\t\t\t\t<\/div>\n\t\t\t\t<\/div>\n\t\t\t\t<div class=\"elementor-element elementor-element-51e49de elementor-tablet-align-left btn-arrow btn-hover-white elementor-widget elementor-widget-button\" data-id=\"51e49de\" data-element_type=\"widget\" data-widget_type=\"button.default\">\n\t\t\t\t\t\t\t\t\t\t<a class=\"elementor-button elementor-button-link elementor-size-sm\" href=\"https:\/\/plasteol.fr\/en\/contact-us\/\" tiltle=\"L&#039;entreprise\">\n\t\t\t\t\t\t<span class=\"elementor-button-content-wrapper\">\n\t\t\t\t\t\t<span class=\"elementor-button-icon\">\n\t\t\t\t<svg xmlns=\"http:\/\/www.w3.org\/2000\/svg\" width=\"17\" height=\"14\" viewBox=\"0 0 17 14\" fill=\"none\"><path d=\"M10.2 0L9.01 1.225L13.77 6.125H0V7.875H13.77L9.01 12.775L10.2 14L17 7L10.2 0Z\" fill=\"white\"><\/path><\/svg>\t\t\t<\/span>\n\t\t\t\t\t\t\t\t\t<span class=\"elementor-button-text\">Contact us<\/span>\n\t\t\t\t\t<\/span>\n\t\t\t\t\t<\/a>\n\t\t\t\t\t\t\t\t<\/div>\n\t\t\t\t<\/div>\n\t\t\t\t<\/div>\n\t\t\t\t<\/div>\n\t\t","protected":false},"excerpt":{"rendered":"<p>Inspections and controls by rope access technicians Our team of rope access technicians specialized in the wind industry carries out blade inspections at height, on site, without prolonged turbine downtime. Our at-height interventions ensure the reliability of the information collected. They are particularly suitable for end-of-warranty assessments or Due Diligence, as well as for periodic [&hellip;]<\/p>\n","protected":false},"author":3,"featured_media":0,"parent":17818,"menu_order":3,"comment_status":"closed","ping_status":"closed","template":"","meta":{"footnotes":""},"class_list":["post-17835","page","type-page","status-publish","hentry"],"yoast_head":"<!-- This site is optimized with the Yoast SEO plugin v26.7 - https:\/\/yoast.com\/wordpress\/plugins\/seo\/ -->\n<title>Wind turbine blade inspections and checks | Plasteol<\/title>\n<meta name=\"description\" content=\"Assess the criticality of blade defects with our visual inspection, tapping and lightning strike inspection service.\" \/>\n<meta name=\"robots\" content=\"index, follow, max-snippet:-1, max-image-preview:large, max-video-preview:-1\" \/>\n<link rel=\"canonical\" href=\"https:\/\/plasteol.fr\/en\/services\/inspections-and-controls\/\" \/>\n<meta property=\"og:locale\" content=\"en_US\" \/>\n<meta property=\"og:type\" content=\"article\" \/>\n<meta property=\"og:title\" content=\"Wind turbine blade inspections and checks | Plasteol\" \/>\n<meta property=\"og:description\" content=\"Assess the criticality of blade defects with our visual inspection, tapping and lightning strike inspection service.\" \/>\n<meta property=\"og:url\" content=\"https:\/\/plasteol.fr\/en\/services\/inspections-and-controls\/\" \/>\n<meta property=\"og:site_name\" content=\"Plasteol\" \/>\n<meta property=\"article:modified_time\" content=\"2026-01-20T13:49:57+00:00\" \/>\n<meta name=\"twitter:card\" content=\"summary_large_image\" \/>\n<meta name=\"twitter:label1\" content=\"Est. reading time\" \/>\n\t<meta name=\"twitter:data1\" content=\"1 minute\" \/>\n<script type=\"application\/ld+json\" class=\"yoast-schema-graph\">{\"@context\":\"https:\/\/schema.org\",\"@graph\":[{\"@type\":\"WebPage\",\"@id\":\"https:\/\/plasteol.fr\/en\/services\/inspections-and-controls\/\",\"url\":\"https:\/\/plasteol.fr\/en\/services\/inspections-and-controls\/\",\"name\":\"Wind turbine blade inspections and checks | Plasteol\",\"isPartOf\":{\"@id\":\"https:\/\/plasteol.fr\/en\/?lang=en\/#website\"},\"datePublished\":\"2025-12-18T13:26:25+00:00\",\"dateModified\":\"2026-01-20T13:49:57+00:00\",\"description\":\"Assess the criticality of blade defects with our visual inspection, tapping and lightning strike inspection service.\",\"breadcrumb\":{\"@id\":\"https:\/\/plasteol.fr\/en\/services\/inspections-and-controls\/#breadcrumb\"},\"inLanguage\":\"en-US\",\"potentialAction\":[{\"@type\":\"ReadAction\",\"target\":[\"https:\/\/plasteol.fr\/en\/services\/inspections-and-controls\/\"]}]},{\"@type\":\"BreadcrumbList\",\"@id\":\"https:\/\/plasteol.fr\/en\/services\/inspections-and-controls\/#breadcrumb\",\"itemListElement\":[{\"@type\":\"ListItem\",\"position\":1,\"name\":\"Home\",\"item\":\"https:\/\/plasteol.fr\/en\/\"},{\"@type\":\"ListItem\",\"position\":2,\"name\":\"Services\",\"item\":\"https:\/\/plasteol.fr\/en\/services\/\"},{\"@type\":\"ListItem\",\"position\":3,\"name\":\"Inspections and controls\"}]},{\"@type\":\"WebSite\",\"@id\":\"https:\/\/plasteol.fr\/en\/?lang=en\/#website\",\"url\":\"https:\/\/plasteol.fr\/en\/?lang=en\/\",\"name\":\"Plasteol\",\"description\":\"Specialiste de la maintenance et reparation de pales d&#039;\u00e9olinienne en composite en france\",\"publisher\":{\"@id\":\"https:\/\/plasteol.fr\/en\/?lang=en\/#organization\"},\"potentialAction\":[{\"@type\":\"SearchAction\",\"target\":{\"@type\":\"EntryPoint\",\"urlTemplate\":\"https:\/\/plasteol.fr\/en\/?lang=en\/?s={search_term_string}\"},\"query-input\":{\"@type\":\"PropertyValueSpecification\",\"valueRequired\":true,\"valueName\":\"search_term_string\"}}],\"inLanguage\":\"en-US\"},{\"@type\":\"Organization\",\"@id\":\"https:\/\/plasteol.fr\/en\/?lang=en\/#organization\",\"name\":\"Plasteol\",\"url\":\"https:\/\/plasteol.fr\/en\/?lang=en\/\",\"logo\":{\"@type\":\"ImageObject\",\"inLanguage\":\"en-US\",\"@id\":\"https:\/\/plasteol.fr\/en\/?lang=en\/#\/schema\/logo\/image\/\",\"url\":\"https:\/\/plasteol.fr\/wp-content\/uploads\/2019\/10\/cropped-logo.png\",\"contentUrl\":\"https:\/\/plasteol.fr\/wp-content\/uploads\/2019\/10\/cropped-logo.png\",\"width\":795,\"height\":301,\"caption\":\"Plasteol\"},\"image\":{\"@id\":\"https:\/\/plasteol.fr\/en\/?lang=en\/#\/schema\/logo\/image\/\"}}]}<\/script>\n<!-- \/ Yoast SEO plugin. -->","yoast_head_json":{"title":"Wind turbine blade inspections and checks | Plasteol","description":"Assess the criticality of blade defects with our visual inspection, tapping and lightning strike inspection service.","robots":{"index":"index","follow":"follow","max-snippet":"max-snippet:-1","max-image-preview":"max-image-preview:large","max-video-preview":"max-video-preview:-1"},"canonical":"https:\/\/plasteol.fr\/en\/services\/inspections-and-controls\/","og_locale":"en_US","og_type":"article","og_title":"Wind turbine blade inspections and checks | Plasteol","og_description":"Assess the criticality of blade defects with our visual inspection, tapping and lightning strike inspection service.","og_url":"https:\/\/plasteol.fr\/en\/services\/inspections-and-controls\/","og_site_name":"Plasteol","article_modified_time":"2026-01-20T13:49:57+00:00","twitter_card":"summary_large_image","twitter_misc":{"Est. reading time":"1 minute"},"schema":{"@context":"https:\/\/schema.org","@graph":[{"@type":"WebPage","@id":"https:\/\/plasteol.fr\/en\/services\/inspections-and-controls\/","url":"https:\/\/plasteol.fr\/en\/services\/inspections-and-controls\/","name":"Wind turbine blade inspections and checks | Plasteol","isPartOf":{"@id":"https:\/\/plasteol.fr\/en\/?lang=en\/#website"},"datePublished":"2025-12-18T13:26:25+00:00","dateModified":"2026-01-20T13:49:57+00:00","description":"Assess the criticality of blade defects with our visual inspection, tapping and lightning strike inspection service.","breadcrumb":{"@id":"https:\/\/plasteol.fr\/en\/services\/inspections-and-controls\/#breadcrumb"},"inLanguage":"en-US","potentialAction":[{"@type":"ReadAction","target":["https:\/\/plasteol.fr\/en\/services\/inspections-and-controls\/"]}]},{"@type":"BreadcrumbList","@id":"https:\/\/plasteol.fr\/en\/services\/inspections-and-controls\/#breadcrumb","itemListElement":[{"@type":"ListItem","position":1,"name":"Home","item":"https:\/\/plasteol.fr\/en\/"},{"@type":"ListItem","position":2,"name":"Services","item":"https:\/\/plasteol.fr\/en\/services\/"},{"@type":"ListItem","position":3,"name":"Inspections and controls"}]},{"@type":"WebSite","@id":"https:\/\/plasteol.fr\/en\/?lang=en\/#website","url":"https:\/\/plasteol.fr\/en\/?lang=en\/","name":"Plasteol","description":"Specialiste de la maintenance et reparation de pales d&#039;\u00e9olinienne en composite en france","publisher":{"@id":"https:\/\/plasteol.fr\/en\/?lang=en\/#organization"},"potentialAction":[{"@type":"SearchAction","target":{"@type":"EntryPoint","urlTemplate":"https:\/\/plasteol.fr\/en\/?lang=en\/?s={search_term_string}"},"query-input":{"@type":"PropertyValueSpecification","valueRequired":true,"valueName":"search_term_string"}}],"inLanguage":"en-US"},{"@type":"Organization","@id":"https:\/\/plasteol.fr\/en\/?lang=en\/#organization","name":"Plasteol","url":"https:\/\/plasteol.fr\/en\/?lang=en\/","logo":{"@type":"ImageObject","inLanguage":"en-US","@id":"https:\/\/plasteol.fr\/en\/?lang=en\/#\/schema\/logo\/image\/","url":"https:\/\/plasteol.fr\/wp-content\/uploads\/2019\/10\/cropped-logo.png","contentUrl":"https:\/\/plasteol.fr\/wp-content\/uploads\/2019\/10\/cropped-logo.png","width":795,"height":301,"caption":"Plasteol"},"image":{"@id":"https:\/\/plasteol.fr\/en\/?lang=en\/#\/schema\/logo\/image\/"}}]}},"_links":{"self":[{"href":"https:\/\/plasteol.fr\/en\/wp-json\/wp\/v2\/pages\/17835","targetHints":{"allow":["GET"]}}],"collection":[{"href":"https:\/\/plasteol.fr\/en\/wp-json\/wp\/v2\/pages"}],"about":[{"href":"https:\/\/plasteol.fr\/en\/wp-json\/wp\/v2\/types\/page"}],"author":[{"embeddable":true,"href":"https:\/\/plasteol.fr\/en\/wp-json\/wp\/v2\/users\/3"}],"replies":[{"embeddable":true,"href":"https:\/\/plasteol.fr\/en\/wp-json\/wp\/v2\/comments?post=17835"}],"version-history":[{"count":4,"href":"https:\/\/plasteol.fr\/en\/wp-json\/wp\/v2\/pages\/17835\/revisions"}],"predecessor-version":[{"id":17840,"href":"https:\/\/plasteol.fr\/en\/wp-json\/wp\/v2\/pages\/17835\/revisions\/17840"}],"up":[{"embeddable":true,"href":"https:\/\/plasteol.fr\/en\/wp-json\/wp\/v2\/pages\/17818"}],"wp:attachment":[{"href":"https:\/\/plasteol.fr\/en\/wp-json\/wp\/v2\/media?parent=17835"}],"curies":[{"name":"wp","href":"https:\/\/api.w.org\/{rel}","templated":true}]}}